{"id":2472,"date":"2025-02-21T17:17:15","date_gmt":"2025-02-21T09:17:15","guid":{"rendered":"https:\/\/lvtongclean.com\/?page_id=2472"},"modified":"2026-04-30T16:12:03","modified_gmt":"2026-04-30T08:12:03","slug":"service","status":"publish","type":"page","link":"https:\/\/lvtongclean.com\/de\/service\/","title":{"rendered":"LVTONG-Service: Optimieren Sie die Leistung Ihrer Reinigungsger\u00e4te mit Expertenunterst\u00fctzung"},"content":{"rendered":"\t\t<div data-elementor-type=\"wp-page\" data-elementor-id=\"2472\" class=\"elementor elementor-2472\" data-elementor-post-type=\"page\">\n\t\t\t\t<div class=\"elementor-element elementor-element-a4c4772 e-flex e-con-boxed e-con e-parent\" data-id=\"a4c4772\" data-element_type=\"container\" data-e-type=\"container\" data-settings=\"{&quot;background_background&quot;:&quot;classic&quot;}\">\n\t\t\t\t\t<div class=\"e-con-inner\">\n\t\t\t\t<div class=\"elementor-element elementor-element-fc9255c elementor-widget__width-inherit elementor-invisible elementor-widget elementor-widget-heading\" data-id=\"fc9255c\" data-element_type=\"widget\" data-e-type=\"widget\" data-settings=\"{&quot;_animation&quot;:&quot;fadeInUp&quot;}\" data-widget_type=\"heading.default\">\n\t\t\t\t\t<h1 class=\"elementor-heading-title elementor-size-default\">Service<\/h1>\t\t\t\t<\/div>\n\t\t\t\t\t<\/div>\n\t\t\t\t<\/div>\n\t\t<div class=\"elementor-element elementor-element-61b4c8b e-flex e-con-boxed e-con e-parent\" data-id=\"61b4c8b\" data-element_type=\"container\" data-e-type=\"container\">\n\t\t\t\t\t<div class=\"e-con-inner\">\n\t\t<div class=\"elementor-element elementor-element-45f6ef6 e-con-full e-flex elementor-invisible e-con e-child\" data-id=\"45f6ef6\" data-element_type=\"container\" data-e-type=\"container\" data-settings=\"{&quot;background_background&quot;:&quot;classic&quot;,&quot;animation&quot;:&quot;fadeInUp&quot;}\">\n\t\t<div class=\"elementor-element elementor-element-d094fcc e-con-full e-flex e-con e-child\" data-id=\"d094fcc\" data-element_type=\"container\" data-e-type=\"container\" data-settings=\"{&quot;background_background&quot;:&quot;classic&quot;}\">\n\t\t\t\t<\/div>\n\t\t<div class=\"elementor-element elementor-element-79105be e-con-full e-flex e-con e-child\" data-id=\"79105be\" data-element_type=\"container\" data-e-type=\"container\" data-settings=\"{&quot;animation&quot;:&quot;none&quot;}\">\n\t\t\t\t<div class=\"elementor-element elementor-element-0e14c54 elementor-widget elementor-widget-heading\" data-id=\"0e14c54\" data-element_type=\"widget\" data-e-type=\"widget\" data-widget_type=\"heading.default\">\n\t\t\t\t\t<h2 class=\"elementor-heading-title elementor-size-default\">Maintain Product Performance With Lvtong Services<\/h2>\t\t\t\t<\/div>\n\t\t\t\t<div class=\"elementor-element elementor-element-aa59c00 elementor-widget elementor-widget-text-editor\" data-id=\"aa59c00\" data-element_type=\"widget\" data-e-type=\"widget\" data-widget_type=\"text-editor.default\">\n\t\t\t\t\t\t\t\t\t<p>Lvtong service solution can help ensure that your cleaning machine is operational and has the highest performance.<\/p>\t\t\t\t\t\t\t\t<\/div>\n\t\t\t\t<\/div>\n\t\t\t\t<\/div>\n\t\t<div class=\"elementor-element elementor-element-520f25a e-con-full e-flex elementor-invisible e-con e-child\" data-id=\"520f25a\" data-element_type=\"container\" data-e-type=\"container\" data-settings=\"{&quot;background_background&quot;:&quot;classic&quot;,&quot;animation&quot;:&quot;fadeInUp&quot;}\">\n\t\t<div class=\"elementor-element elementor-element-9442137 e-con-full e-flex e-con e-child\" data-id=\"9442137\" data-element_type=\"container\" data-e-type=\"container\" data-settings=\"{&quot;background_background&quot;:&quot;classic&quot;}\">\n\t\t\t\t<\/div>\n\t\t<div class=\"elementor-element elementor-element-1965d4e e-con-full e-flex e-con e-child\" data-id=\"1965d4e\" data-element_type=\"container\" data-e-type=\"container\" data-settings=\"{&quot;animation&quot;:&quot;none&quot;}\">\n\t\t\t\t<div class=\"elementor-element elementor-element-b86c137 elementor-widget elementor-widget-heading\" data-id=\"b86c137\" data-element_type=\"widget\" data-e-type=\"widget\" data-widget_type=\"heading.default\">\n\t\t\t\t\t<h2 class=\"elementor-heading-title elementor-size-default\">Long Term Benefits<\/h2>\t\t\t\t<\/div>\n\t\t\t\t<div class=\"elementor-element elementor-element-68981d6 elementor-widget elementor-widget-text-editor\" data-id=\"68981d6\" data-element_type=\"widget\" data-e-type=\"widget\" data-widget_type=\"text-editor.default\">\n\t\t\t\t\t\t\t\t\t<ol><li>Optimize the normal operation time of cleaning equipment through proactive maintenance and timely repair<\/li><li>Maintain low and predictable maintenance costs and extend equipment lifespan<\/li><li>Lvtong's guaranteed accessories can ensure the equipment's service life and reduce costs<\/li><\/ol>\t\t\t\t\t\t\t\t<\/div>\n\t\t\t\t<\/div>\n\t\t\t\t<\/div>\n\t\t<div class=\"elementor-element elementor-element-88d4e26 e-con-full e-flex elementor-invisible e-con e-child\" data-id=\"88d4e26\" data-element_type=\"container\" data-e-type=\"container\" data-settings=\"{&quot;background_background&quot;:&quot;classic&quot;,&quot;animation&quot;:&quot;fadeInUp&quot;}\">\n\t\t<div class=\"elementor-element elementor-element-5c963f6 e-con-full e-flex e-con e-child\" data-id=\"5c963f6\" data-element_type=\"container\" data-e-type=\"container\" data-settings=\"{&quot;background_background&quot;:&quot;classic&quot;}\">\n\t\t\t\t<\/div>\n\t\t<div class=\"elementor-element elementor-element-08902a6 e-con-full e-flex e-con e-child\" data-id=\"08902a6\" data-element_type=\"container\" data-e-type=\"container\" data-settings=\"{&quot;animation&quot;:&quot;none&quot;}\">\n\t\t\t\t<div class=\"elementor-element elementor-element-70f4c27 elementor-widget elementor-widget-heading\" data-id=\"70f4c27\" data-element_type=\"widget\" data-e-type=\"widget\" data-widget_type=\"heading.default\">\n\t\t\t\t\t<h2 class=\"elementor-heading-title elementor-size-default\">When You Need Us<\/h2>\t\t\t\t<\/div>\n\t\t\t\t<div class=\"elementor-element elementor-element-a1885d8 elementor-widget elementor-widget-text-editor\" data-id=\"a1885d8\" data-element_type=\"widget\" data-e-type=\"widget\" data-widget_type=\"text-editor.default\">\n\t\t\t\t\t\t\t\t\t<p>Contact our technical team and get ready to assist you at any time<\/p><ol><li>Reply to your message within 24 hours timely<\/li><li>Instant advice and support for troubleshooting product issues<\/li><li>Be patient and answer customer questions for free<\/li><\/ol>\t\t\t\t\t\t\t\t<\/div>\n\t\t\t\t<\/div>\n\t\t\t\t<\/div>\n\t\t<div class=\"elementor-element elementor-element-1970630 e-con-full e-flex elementor-invisible e-con e-child\" data-id=\"1970630\" data-element_type=\"container\" data-e-type=\"container\" data-settings=\"{&quot;background_background&quot;:&quot;classic&quot;,&quot;animation&quot;:&quot;fadeInUp&quot;}\">\n\t\t<div class=\"elementor-element elementor-element-dddd295 e-con-full e-flex e-con e-child\" data-id=\"dddd295\" data-element_type=\"container\" data-e-type=\"container\" data-settings=\"{&quot;background_background&quot;:&quot;classic&quot;}\">\n\t\t\t\t<\/div>\n\t\t<div class=\"elementor-element elementor-element-6e32e02 e-con-full e-flex e-con e-child\" data-id=\"6e32e02\" data-element_type=\"container\" data-e-type=\"container\" data-settings=\"{&quot;animation&quot;:&quot;none&quot;}\">\n\t\t\t\t<div class=\"elementor-element elementor-element-3787d43 elementor-widget elementor-widget-heading\" data-id=\"3787d43\" data-element_type=\"widget\" data-e-type=\"widget\" data-widget_type=\"heading.default\">\n\t\t\t\t\t<h2 class=\"elementor-heading-title elementor-size-default\">Let Lvtong Support You<\/h2>\t\t\t\t<\/div>\n\t\t\t\t<div class=\"elementor-element elementor-element-8c10b59 elementor-widget elementor-widget-text-editor\" data-id=\"8c10b59\" data-element_type=\"widget\" data-e-type=\"widget\" data-widget_type=\"text-editor.default\">\n\t\t\t\t\t\t\t\t\t<p>A 60 professional engineers technical team provides ideal support for any scale of operation<\/p><p>With the help of Lvtong team service, we assist you in controlling maintenance costs while ensuring the performance of cleaning equipment<\/p>\t\t\t\t\t\t\t\t<\/div>\n\t\t\t\t<\/div>\n\t\t\t\t<\/div>\n\t\t<div class=\"elementor-element elementor-element-c259c61 e-con-full e-flex elementor-invisible e-con e-child\" data-id=\"c259c61\" data-element_type=\"container\" data-e-type=\"container\" data-settings=\"{&quot;background_background&quot;:&quot;classic&quot;,&quot;animation&quot;:&quot;fadeInUp&quot;}\">\n\t\t<div class=\"elementor-element elementor-element-de4f046 e-con-full e-flex e-con e-child\" data-id=\"de4f046\" data-element_type=\"container\" data-e-type=\"container\" data-settings=\"{&quot;background_background&quot;:&quot;classic&quot;}\">\n\t\t\t\t<\/div>\n\t\t<div class=\"elementor-element elementor-element-2d16005 e-con-full e-flex e-con e-child\" data-id=\"2d16005\" data-element_type=\"container\" data-e-type=\"container\" data-settings=\"{&quot;animation&quot;:&quot;none&quot;}\">\n\t\t\t\t<div class=\"elementor-element elementor-element-3a9dca6 elementor-widget elementor-widget-heading\" data-id=\"3a9dca6\" data-element_type=\"widget\" data-e-type=\"widget\" data-widget_type=\"heading.default\">\n\t\t\t\t\t<h2 class=\"elementor-heading-title elementor-size-default\">What We Have In Mind: What You Need<\/h2>\t\t\t\t<\/div>\n\t\t\t\t<div class=\"elementor-element elementor-element-1e96fee elementor-widget elementor-widget-text-editor\" data-id=\"1e96fee\" data-element_type=\"widget\" data-e-type=\"widget\" data-widget_type=\"text-editor.default\">\n\t\t\t\t\t\t\t\t\t<p>Lvtong cleaning machines are independently developed and produced<\/p><p>We have strict quality control and provide complete pre-sales and after-sales services. If you have any technical issues, please contact us<\/p>\t\t\t\t\t\t\t\t<\/div>\n\t\t\t\t<\/div>\n\t\t\t\t<\/div>\n\t\t\t\t\t<\/div>\n\t\t\t\t<\/div>\n\t\t<div class=\"elementor-element elementor-element-dbc67cc e-flex e-con-boxed e-con e-parent\" data-id=\"dbc67cc\" data-element_type=\"container\" data-e-type=\"container\">\n\t\t\t\t\t<div class=\"e-con-inner\">\n\t\t\t\t<div class=\"elementor-element elementor-element-63fb228 elementor-widget elementor-widget-heading\" data-id=\"63fb228\" data-element_type=\"widget\" data-e-type=\"widget\" data-widget_type=\"heading.default\">\n\t\t\t\t\t<h2 class=\"elementor-heading-title elementor-size-default\">OUR Advantages<\/h2>\t\t\t\t<\/div>\n\t\t<div class=\"elementor-element elementor-element-c9bc054 e-con-full e-grid e-con e-child\" data-id=\"c9bc054\" data-element_type=\"container\" data-e-type=\"container\">\n\t\t<div class=\"elementor-element elementor-element-a4536ac e-con-full e-flex elementor-invisible e-con e-child\" data-id=\"a4536ac\" data-element_type=\"container\" data-e-type=\"container\" data-settings=\"{&quot;animation&quot;:&quot;fadeInUp&quot;}\">\n\t\t\t\t<div class=\"elementor-element elementor-element-be6f5b9 elementor-widget elementor-widget-image\" data-id=\"be6f5b9\" data-element_type=\"widget\" data-e-type=\"widget\" data-widget_type=\"image.default\">\n\t\t\t\t\t\t\t\t\t\t\t\t\t\t\t<img fetchpriority=\"high\" decoding=\"async\" width=\"320\" height=\"400\" src=\"https:\/\/lvtongclean.com\/wp-content\/uploads\/2026\/04\/image-2.webp\" class=\"attachment-full size-full wp-image-11867\" alt=\"\" srcset=\"https:\/\/lvtongclean.com\/wp-content\/uploads\/2026\/04\/image-2.webp 320w, https:\/\/lvtongclean.com\/wp-content\/uploads\/2026\/04\/image-2-240x300.webp 240w, https:\/\/lvtongclean.com\/wp-content\/uploads\/2026\/04\/image-2-10x12.webp 10w\" sizes=\"(max-width: 320px) 100vw, 320px\" title=\"image 2 - LVTONG\" \/>\t\t\t\t\t\t\t\t\t\t\t\t\t\t\t<\/div>\n\t\t\t\t<div class=\"elementor-element elementor-element-d4a4212 elementor-widget__width-inherit elementor-absolute elementor-widget elementor-widget-heading\" data-id=\"d4a4212\" data-element_type=\"widget\" data-e-type=\"widget\" data-settings=\"{&quot;_position&quot;:&quot;absolute&quot;}\" data-widget_type=\"heading.default\">\n\t\t\t\t\t<h3 class=\"elementor-heading-title elementor-size-default\">Cost Reduction<\/h3>\t\t\t\t<\/div>\n\t\t\t\t<\/div>\n\t\t<div class=\"elementor-element elementor-element-af61949 e-con-full e-flex elementor-invisible e-con e-child\" data-id=\"af61949\" data-element_type=\"container\" data-e-type=\"container\" data-settings=\"{&quot;animation&quot;:&quot;fadeInUp&quot;,&quot;animation_delay&quot;:200}\">\n\t\t\t\t<div class=\"elementor-element elementor-element-b1ba4fb elementor-widget elementor-widget-image\" data-id=\"b1ba4fb\" data-element_type=\"widget\" data-e-type=\"widget\" data-widget_type=\"image.default\">\n\t\t\t\t\t\t\t\t\t\t\t\t\t\t\t<img decoding=\"async\" width=\"320\" height=\"400\" src=\"https:\/\/lvtongclean.com\/wp-content\/uploads\/2026\/04\/image-3.webp\" class=\"attachment-full size-full wp-image-11868\" alt=\"\" srcset=\"https:\/\/lvtongclean.com\/wp-content\/uploads\/2026\/04\/image-3.webp 320w, https:\/\/lvtongclean.com\/wp-content\/uploads\/2026\/04\/image-3-240x300.webp 240w, https:\/\/lvtongclean.com\/wp-content\/uploads\/2026\/04\/image-3-10x12.webp 10w\" sizes=\"(max-width: 320px) 100vw, 320px\" title=\"image 3 - LVTONG\" \/>\t\t\t\t\t\t\t\t\t\t\t\t\t\t\t<\/div>\n\t\t\t\t<div class=\"elementor-element elementor-element-fd1e47c elementor-widget__width-inherit elementor-absolute elementor-widget elementor-widget-heading\" data-id=\"fd1e47c\" data-element_type=\"widget\" data-e-type=\"widget\" data-settings=\"{&quot;_position&quot;:&quot;absolute&quot;}\" data-widget_type=\"heading.default\">\n\t\t\t\t\t<h3 class=\"elementor-heading-title elementor-size-default\">Optimize Equipment Quality<\/h3>\t\t\t\t<\/div>\n\t\t\t\t<\/div>\n\t\t<div class=\"elementor-element elementor-element-9e71c01 e-con-full e-flex elementor-invisible e-con e-child\" data-id=\"9e71c01\" data-element_type=\"container\" data-e-type=\"container\" data-settings=\"{&quot;animation&quot;:&quot;fadeInUp&quot;,&quot;animation_delay&quot;:300}\">\n\t\t\t\t<div class=\"elementor-element elementor-element-8f6be29 elementor-widget elementor-widget-image\" data-id=\"8f6be29\" data-element_type=\"widget\" data-e-type=\"widget\" data-widget_type=\"image.default\">\n\t\t\t\t\t\t\t\t\t\t\t\t\t\t\t<img decoding=\"async\" width=\"320\" height=\"400\" src=\"https:\/\/lvtongclean.com\/wp-content\/uploads\/2026\/04\/image-4.webp\" class=\"attachment-full size-full wp-image-11869\" alt=\"\" srcset=\"https:\/\/lvtongclean.com\/wp-content\/uploads\/2026\/04\/image-4.webp 320w, https:\/\/lvtongclean.com\/wp-content\/uploads\/2026\/04\/image-4-240x300.webp 240w, https:\/\/lvtongclean.com\/wp-content\/uploads\/2026\/04\/image-4-10x12.webp 10w\" sizes=\"(max-width: 320px) 100vw, 320px\" title=\"image 4 - LVTONG\" \/>\t\t\t\t\t\t\t\t\t\t\t\t\t\t\t<\/div>\n\t\t\t\t<div class=\"elementor-element elementor-element-dd0fdc9 elementor-widget__width-inherit elementor-absolute elementor-widget elementor-widget-heading\" data-id=\"dd0fdc9\" data-element_type=\"widget\" data-e-type=\"widget\" data-settings=\"{&quot;_position&quot;:&quot;absolute&quot;}\" data-widget_type=\"heading.default\">\n\t\t\t\t\t<h3 class=\"elementor-heading-title elementor-size-default\">Improve Performance<\/h3>\t\t\t\t<\/div>\n\t\t\t\t<\/div>\n\t\t<div class=\"elementor-element elementor-element-5908ef2 e-con-full e-flex elementor-invisible e-con e-child\" data-id=\"5908ef2\" data-element_type=\"container\" data-e-type=\"container\" data-settings=\"{&quot;animation&quot;:&quot;fadeInUp&quot;,&quot;animation_delay&quot;:400}\">\n\t\t\t\t<div class=\"elementor-element elementor-element-109de4e elementor-widget elementor-widget-image\" data-id=\"109de4e\" data-element_type=\"widget\" data-e-type=\"widget\" data-widget_type=\"image.default\">\n\t\t\t\t\t\t\t\t\t\t\t\t\t\t\t<img loading=\"lazy\" decoding=\"async\" width=\"320\" height=\"400\" src=\"https:\/\/lvtongclean.com\/wp-content\/uploads\/2026\/04\/image-5.webp\" class=\"attachment-full size-full wp-image-11870\" alt=\"\" srcset=\"https:\/\/lvtongclean.com\/wp-content\/uploads\/2026\/04\/image-5.webp 320w, https:\/\/lvtongclean.com\/wp-content\/uploads\/2026\/04\/image-5-240x300.webp 240w, https:\/\/lvtongclean.com\/wp-content\/uploads\/2026\/04\/image-5-10x12.webp 10w\" sizes=\"(max-width: 320px) 100vw, 320px\" title=\"image 5 - LVTONG\" \/>\t\t\t\t\t\t\t\t\t\t\t\t\t\t\t<\/div>\n\t\t\t\t<div class=\"elementor-element elementor-element-6bd4ca4 elementor-widget__width-inherit elementor-absolute elementor-widget elementor-widget-heading\" data-id=\"6bd4ca4\" data-element_type=\"widget\" data-e-type=\"widget\" data-settings=\"{&quot;_position&quot;:&quot;absolute&quot;}\" data-widget_type=\"heading.default\">\n\t\t\t\t\t<h3 class=\"elementor-heading-title elementor-size-default\">Timely Reply<\/h3>\t\t\t\t<\/div>\n\t\t\t\t<\/div>\n\t\t\t\t<\/div>\n\t\t\t\t\t<\/div>\n\t\t\t\t<\/div>\n\t\t<div class=\"elementor-element elementor-element-a8c31f3 e-flex e-con-boxed e-con e-parent\" data-id=\"a8c31f3\" data-element_type=\"container\" data-e-type=\"container\">\n\t\t\t\t\t<div class=\"e-con-inner\">\n\t\t\t\t<div class=\"elementor-element elementor-element-85a9946 elementor-widget elementor-widget-html\" data-id=\"85a9946\" data-element_type=\"widget\" data-e-type=\"widget\" data-widget_type=\"html.default\">\n\t\t\t\t\t<script type=\"application\/ld+json\">\r\n{\r\n  \"@context\": \"https:\/\/schema.org\",\r\n  \"@graph\": [\r\n\r\n    {\r\n      \"@type\": \"Organization\",\r\n      \"@id\": \"https:\/\/lvtongclean.com\/#organization\",\r\n      \"name\": \"Lvtong Clean\",\r\n      \"url\": \"https:\/\/lvtongclean.com\/\",\r\n      \"logo\": \"https:\/\/lvtongclean.com\/wp-content\/uploads\/logo.png\",\r\n      \"description\": \"Lvtong Clean is a professional manufacturer of industrial cleaning machines, providing OEM\/ODM services, technical support, spare parts supply, and after-sales service worldwide.\",\r\n      \"contactPoint\": [\r\n        {\r\n          \"@type\": \"ContactPoint\",\r\n          \"contactType\": \"customer support\",\r\n          \"email\": \"info@lvtongclean.com\",\r\n          \"availableLanguage\": [\"English\"]\r\n        },\r\n        {\r\n          \"@type\": \"ContactPoint\",\r\n          \"contactType\": \"sales\",\r\n          \"email\": \"sales@lvtongclean.com\",\r\n          \"availableLanguage\": [\"English\"]\r\n        }\r\n      ],\r\n      \"areaServed\": \"Worldwide\"\r\n    },\r\n\r\n    {\r\n      \"@type\": \"WebSite\",\r\n      \"@id\": \"https:\/\/lvtongclean.com\/#website\",\r\n      \"url\": \"https:\/\/lvtongclean.com\/\",\r\n      \"name\": \"Lvtong Clean\",\r\n      \"publisher\": {\r\n        \"@id\": \"https:\/\/lvtongclean.com\/#organization\"\r\n      }\r\n    },\r\n\r\n    {\r\n      \"@type\": \"ServicePage\",\r\n      \"@id\": \"https:\/\/lvtongclean.com\/service\/#servicepage\",\r\n      \"url\": \"https:\/\/lvtongclean.com\/service\/\",\r\n      \"name\": \"Services - Lvtong Clean\",\r\n      \"isPartOf\": {\r\n        \"@id\": \"https:\/\/lvtongclean.com\/#website\"\r\n      },\r\n      \"about\": {\r\n        \"@id\": \"https:\/\/lvtongclean.com\/#organization\"\r\n      },\r\n      \"description\": \"Comprehensive services including OEM\/ODM customization, technical support, spare parts supply, training, and after-sales service for industrial cleaning machines.\",\r\n      \"inLanguage\": \"en\",\r\n\r\n      \"mainEntity\": {\r\n        \"@type\": \"ItemList\",\r\n        \"name\": \"Lvtong Service Categories\",\r\n        \"itemListElement\": [\r\n\r\n          {\r\n            \"@type\": \"ListItem\",\r\n            \"position\": 1,\r\n            \"item\": {\r\n              \"@type\": \"Service\",\r\n              \"name\": \"OEM\/ODM Customization Service\",\r\n              \"description\": \"Custom manufacturing solutions for ride-on scrubbers and sweepers based on client requirements.\"\r\n            }\r\n          },\r\n\r\n          {\r\n            \"@type\": \"ListItem\",\r\n            \"position\": 2,\r\n            \"item\": {\r\n              \"@type\": \"Service\",\r\n              \"name\": \"Technical Support\",\r\n              \"description\": \"Professional technical guidance for installation, operation, and maintenance of cleaning machines.\"\r\n            }\r\n          },\r\n\r\n          {\r\n            \"@type\": \"ListItem\",\r\n            \"position\": 3,\r\n            \"item\": {\r\n              \"@type\": \"Service\",\r\n              \"name\": \"After-Sales Service\",\r\n              \"description\": \"Global after-sales support including troubleshooting, repair guidance, and maintenance assistance.\"\r\n            }\r\n          },\r\n\r\n          {\r\n            \"@type\": \"ListItem\",\r\n            \"position\": 4,\r\n            \"item\": {\r\n              \"@type\": \"Service\",\r\n              \"name\": \"Spare Parts Supply\",\r\n              \"description\": \"Reliable supply of original spare parts to ensure long-term machine performance.\"\r\n            }\r\n          },\r\n\r\n          {\r\n            \"@type\": \"ListItem\",\r\n            \"position\": 5,\r\n            \"item\": {\r\n              \"@type\": \"Service\",\r\n              \"name\": \"Training & Guidance\",\r\n              \"description\": \"Operational training for distributors and end users to improve efficiency and safety.\"\r\n            }\r\n          }\r\n\r\n        ]\r\n      }\r\n    }\r\n\r\n  ]\r\n}\r\n<\/script>\t\t\t\t<\/div>\n\t\t\t\t\t<\/div>\n\t\t\t\t<\/div>\n\t\t\t\t<\/div>\n\t\t","protected":false},"excerpt":{"rendered":"<p>Maximieren Sie die Effizienz und Lebensdauer Ihrer Reinigungsmaschinen mit den umfassenden Servicel\u00f6sungen von LVTONG. Unser erfahrenes Team bietet Ihnen vorausschauende Wartung, zeitnahe Reparaturen und Originalzubeh\u00f6r f\u00fcr optimale Leistung. Kontaktieren Sie uns f\u00fcr sofortige Unterst\u00fctzung und kosteng\u00fcnstige Wartung.<\/p>","protected":false},"author":2,"featured_media":0,"parent":0,"menu_order":0,"comment_status":"closed","ping_status":"closed","template":"","meta":{"_acf_changed":false},"class_list":["post-2472","page","type-page","status-publish","hentry"],"acf":[],"aioseo_notices":[],"_links":{"self":[{"href":"https:\/\/lvtongclean.com\/de\/wp-json\/wp\/v2\/pages\/2472","targetHints":{"allow":["GET"]}}],"collection":[{"href":"https:\/\/lvtongclean.com\/de\/wp-json\/wp\/v2\/pages"}],"about":[{"href":"https:\/\/lvtongclean.com\/de\/wp-json\/wp\/v2\/types\/page"}],"author":[{"embeddable":true,"href":"https:\/\/lvtongclean.com\/de\/wp-json\/wp\/v2\/users\/2"}],"replies":[{"embeddable":true,"href":"https:\/\/lvtongclean.com\/de\/wp-json\/wp\/v2\/comments?post=2472"}],"version-history":[{"count":0,"href":"https:\/\/lvtongclean.com\/de\/wp-json\/wp\/v2\/pages\/2472\/revisions"}],"wp:attachment":[{"href":"https:\/\/lvtongclean.com\/de\/wp-json\/wp\/v2\/media?parent=2472"}],"curies":[{"name":"wp","href":"https:\/\/api.w.org\/{rel}","templated":true}]}}