{"id":2743,"date":"2025-02-23T13:37:53","date_gmt":"2025-02-23T05:37:53","guid":{"rendered":"https:\/\/lvtongclean.com\/?page_id=2743"},"modified":"2026-03-23T15:16:22","modified_gmt":"2026-03-23T07:16:22","slug":"nous-contacter","status":"publish","type":"page","link":"https:\/\/lvtongclean.com\/fr\/contact-us\/","title":{"rendered":"Contactez-nous pour des solutions de nettoyage personnalis\u00e9es"},"content":{"rendered":"\t\t<div data-elementor-type=\"wp-page\" data-elementor-id=\"2743\" class=\"elementor elementor-2743\" data-elementor-post-type=\"page\">\n\t\t\t\t<div class=\"elementor-element elementor-element-d28c853 e-flex e-con-boxed e-con e-parent\" data-id=\"d28c853\" data-element_type=\"container\" data-e-type=\"container\" data-settings=\"{&quot;background_background&quot;:&quot;classic&quot;}\">\n\t\t\t\t\t<div class=\"e-con-inner\">\n\t\t<div class=\"elementor-element elementor-element-1108e9e e-con-full e-flex e-con e-child\" data-id=\"1108e9e\" data-element_type=\"container\" data-e-type=\"container\" data-settings=\"{&quot;background_background&quot;:&quot;classic&quot;}\">\n\t\t\t\t<div class=\"elementor-element elementor-element-0d92bb9 elementor-widget__width-initial animated-slow elementor-widget-mobile__width-inherit elementor-invisible elementor-widget elementor-widget-heading\" data-id=\"0d92bb9\" data-element_type=\"widget\" data-e-type=\"widget\" data-settings=\"{&quot;_animation&quot;:&quot;fadeIn&quot;}\" data-widget_type=\"heading.default\">\n\t\t\t\t\t<h1 class=\"elementor-heading-title elementor-size-default\">Contact Us<\/h1>\t\t\t\t<\/div>\n\t\t\t\t<div class=\"elementor-element elementor-element-3406545 elementor-widget__width-initial elementor-widget elementor-widget-text-editor\" data-id=\"3406545\" data-element_type=\"widget\" data-e-type=\"widget\" data-widget_type=\"text-editor.default\">\n\t\t\t\t\t\t\t\t\t<p class=\"p1\">Contact us today to start your cleaning business<\/p>\t\t\t\t\t\t\t\t<\/div>\n\t\t\t\t<\/div>\n\t\t\t\t\t<\/div>\n\t\t\t\t<\/div>\n\t\t<div class=\"elementor-element elementor-element-b9383f3 e-flex e-con-boxed e-con e-parent\" data-id=\"b9383f3\" data-element_type=\"container\" data-e-type=\"container\">\n\t\t\t\t\t<div class=\"e-con-inner\">\n\t\t<div class=\"elementor-element elementor-element-df3a7a9 e-con-full e-flex e-con e-child\" data-id=\"df3a7a9\" data-element_type=\"container\" data-e-type=\"container\">\n\t\t\t\t<div class=\"elementor-element elementor-element-3f94b8f elementor-widget elementor-widget-heading\" data-id=\"3f94b8f\" data-element_type=\"widget\" data-e-type=\"widget\" data-widget_type=\"heading.default\">\n\t\t\t\t\t<h2 class=\"elementor-heading-title elementor-size-default\">Do you have any questions? Contact us now<\/h2>\t\t\t\t<\/div>\n\t\t\t\t<div class=\"elementor-element elementor-element-f4a400e elementor-widget elementor-widget-text-editor\" data-id=\"f4a400e\" data-element_type=\"widget\" data-e-type=\"widget\" data-widget_type=\"text-editor.default\">\n\t\t\t\t\t\t\t\t\t<div class=\"c-copy c-copy--light\">Customer Support<\/div><div class=\"c-copy c-copy--light\"><a id=\"tel_button\" class=\"conversion-goal\" href=\"tel:+86-0769-22773916\"><strong>+86-0769-22773916<\/strong><\/a><\/div><div><a id=\"email_button\" class=\"conversion-goal\" href=\"mailto:Cleaning@lvtong.com.cn\"><strong>Cleaning@lvtong.com.cn<\/strong><\/a><\/div><div>\u00a0<\/div><div class=\"c-copy\">Available Monday \u2013 Sunday<br \/><strong>7:00 am \u2013 10:30 pm PST<\/strong><\/div>\t\t\t\t\t\t\t\t<\/div>\n\t\t\t\t<\/div>\n\t\t<div class=\"elementor-element elementor-element-52c9866 e-con-full e-flex e-con e-child\" data-id=\"52c9866\" data-element_type=\"container\" data-e-type=\"container\" data-settings=\"{&quot;background_background&quot;:&quot;classic&quot;}\">\n\t\t\t\t<div class=\"elementor-element elementor-element-bfec02a elementor-button-align-center elementor-widget elementor-widget-form\" data-id=\"bfec02a\" data-element_type=\"widget\" data-e-type=\"widget\" data-settings=\"{&quot;step_next_label&quot;:&quot;Next&quot;,&quot;step_previous_label&quot;:&quot;Previous&quot;,&quot;button_width&quot;:&quot;100&quot;,&quot;step_type&quot;:&quot;number_text&quot;,&quot;step_icon_shape&quot;:&quot;circle&quot;}\" data-widget_type=\"form.default\">\n\t\t\t\t\t\t\t<form class=\"elementor-form\" method=\"post\" name=\"New Form\">\n\t\t\t<input type=\"hidden\" name=\"post_id\" value=\"2743\"\/>\n\t\t\t<input type=\"hidden\" name=\"form_id\" value=\"bfec02a\"\/>\n\t\t\t<input type=\"hidden\" name=\"referer_title\" value=\"Contact Us for Customized Cleaning Solutions - LVTONG\" \/>\n\n\t\t\t\t\t\t\t<input type=\"hidden\" name=\"queried_id\" value=\"2743\"\/>\n\t\t\t\n\t\t\t<div class=\"elementor-form-fields-wrapper elementor-labels-above\">\n\t\t\t\t\t\t\t\t<div class=\"elementor-field-type-text elementor-field-group elementor-column elementor-field-group-name elementor-col-50 elementor-field-required\">\n\t\t\t\t\t\t\t\t\t\t\t\t<label for=\"form-field-name\" class=\"elementor-field-label\">\n\t\t\t\t\t\t\t\tname\t\t\t\t\t\t\t<\/label>\n\t\t\t\t\t\t\t\t\t\t\t\t\t\t<input size=\"1\" type=\"text\" name=\"form_fields[name]\" id=\"form-field-name\" class=\"elementor-field elementor-size-md  elementor-field-textual\" placeholder=\"name*\" required=\"required\">\n\t\t\t\t\t\t\t\t\t\t\t<\/div>\n\t\t\t\t\t\t\t\t<div class=\"elementor-field-type-email elementor-field-group elementor-column elementor-field-group-email elementor-col-50 elementor-field-required\">\n\t\t\t\t\t\t\t\t\t\t\t\t<label for=\"form-field-email\" class=\"elementor-field-label\">\n\t\t\t\t\t\t\t\temail\t\t\t\t\t\t\t<\/label>\n\t\t\t\t\t\t\t\t\t\t\t\t\t\t<input size=\"1\" type=\"email\" name=\"form_fields[email]\" id=\"form-field-email\" class=\"elementor-field elementor-size-md  elementor-field-textual\" placeholder=\"email*\" required=\"required\">\n\t\t\t\t\t\t\t\t\t\t\t<\/div>\n\t\t\t\t\t\t\t\t<div class=\"elementor-field-type-tel elementor-field-group elementor-column elementor-field-group-Tel elementor-col-50\">\n\t\t\t\t\t\t\t\t\t\t\t\t<label for=\"form-field-Tel\" class=\"elementor-field-label\">\n\t\t\t\t\t\t\t\ttel\t\t\t\t\t\t\t<\/label>\n\t\t\t\t\t\t\t\t<input size=\"1\" type=\"tel\" name=\"form_fields[Tel]\" id=\"form-field-Tel\" class=\"elementor-field elementor-size-md  elementor-field-textual\" placeholder=\"tel\" pattern=\"[0-9()#&amp;+*-=.]+\" title=\"\u041f\u0440\u0438\u043d\u0438\u043c\u0430\u044e\u0442\u0441\u044f \u0442\u043e\u043b\u044c\u043a\u043e \u0446\u0438\u0444\u0440\u044b \u0438 \u0442\u0435\u043b\u0435\u0444\u043e\u043d\u043d\u044b\u0435 \u0441\u0438\u043c\u0432\u043e\u043b\u044b (#, -, * \u0438 \u0442.\u0434.).\">\n\n\t\t\t\t\t\t<\/div>\n\t\t\t\t\t\t\t\t<div class=\"elementor-field-type-text elementor-field-group elementor-column elementor-field-group-Nation elementor-col-50\">\n\t\t\t\t\t\t\t\t\t\t\t\t<label for=\"form-field-Nation\" class=\"elementor-field-label\">\n\t\t\t\t\t\t\t\tnation\t\t\t\t\t\t\t<\/label>\n\t\t\t\t\t\t\t\t\t\t\t\t\t\t<input size=\"1\" type=\"text\" name=\"form_fields[Nation]\" id=\"form-field-Nation\" class=\"elementor-field elementor-size-md  elementor-field-textual\" placeholder=\"nation\">\n\t\t\t\t\t\t\t\t\t\t\t<\/div>\n\t\t\t\t\t\t\t\t<div class=\"elementor-field-type-textarea elementor-field-group elementor-column elementor-field-group-message elementor-col-100\">\n\t\t\t\t\t\t\t\t\t\t\t\t<label for=\"form-field-message\" class=\"elementor-field-label\">\n\t\t\t\t\t\t\t\tmessage\t\t\t\t\t\t\t<\/label>\n\t\t\t\t\t\t<textarea class=\"elementor-field-textual elementor-field  elementor-size-md\" name=\"form_fields[message]\" id=\"form-field-message\" rows=\"2\" placeholder=\"message\"><\/textarea>\t\t\t\t<\/div>\n\t\t\t\t\t\t\t\t<div class=\"elementor-field-group elementor-column elementor-field-type-submit elementor-col-100 e-form__buttons\">\n\t\t\t\t\t<button class=\"elementor-button elementor-size-sm\" type=\"submit\">\n\t\t\t\t\t\t<span class=\"elementor-button-content-wrapper\">\n\t\t\t\t\t\t\t\t\t\t\t\t\t\t\t\t\t\t\t\t\t\t<span class=\"elementor-button-text\">SUBMIT REQUIREMENTS<\/span>\n\t\t\t\t\t\t\t\t\t\t\t\t\t<\/span>\n\t\t\t\t\t<\/button>\n\t\t\t\t<\/div>\n\t\t\t<\/div>\n\t\t<\/form>\n\t\t\t\t\t\t<\/div>\n\t\t\t\t<\/div>\n\t\t\t\t\t<\/div>\n\t\t\t\t<\/div>\n\t\t<div class=\"elementor-element elementor-element-3fc8fba e-flex e-con-boxed e-con e-parent\" data-id=\"3fc8fba\" data-element_type=\"container\" data-e-type=\"container\">\n\t\t\t\t\t<div class=\"e-con-inner\">\n\t\t\t\t<div class=\"elementor-element elementor-element-3b5e748 elementor-widget-divider--view-line elementor-widget elementor-widget-divider\" data-id=\"3b5e748\" data-element_type=\"widget\" data-e-type=\"widget\" data-widget_type=\"divider.default\">\n\t\t\t\t\t\t\t<div class=\"elementor-divider\">\n\t\t\t<span class=\"elementor-divider-separator\">\n\t\t\t\t\t\t<\/span>\n\t\t<\/div>\n\t\t\t\t\t\t<\/div>\n\t\t\t\t<div class=\"elementor-element elementor-element-b28b059 elementor-widget elementor-widget-heading\" data-id=\"b28b059\" data-element_type=\"widget\" data-e-type=\"widget\" data-widget_type=\"heading.default\">\n\t\t\t\t\t<h2 class=\"elementor-heading-title elementor-size-default\">Our Social Media &amp; Locations<\/h2>\t\t\t\t<\/div>\n\t\t\t\t<div class=\"elementor-element elementor-element-ce4b056 elementor-shape-circle elementor-grid-0 e-grid-align-center elementor-widget elementor-widget-social-icons\" data-id=\"ce4b056\" data-element_type=\"widget\" data-e-type=\"widget\" data-widget_type=\"social-icons.default\">\n\t\t\t\t\t\t\t<div class=\"elementor-social-icons-wrapper elementor-grid\" role=\"list\">\n\t\t\t\t\t\t\t<span class=\"elementor-grid-item\" role=\"listitem\">\n\t\t\t\t\t<a class=\"elementor-icon elementor-social-icon elementor-social-icon-facebook elementor-repeater-item-2493b83\" href=\"https:\/\/www.facebook.com\/profile.php?id=61573123645449\" target=\"_blank\">\n\t\t\t\t\t\t<span class=\"elementor-screen-only\">Facebook<\/span>\n\t\t\t\t\t\t<i aria-hidden=\"true\" class=\"fab fa-facebook\"><\/i>\t\t\t\t\t<\/a>\n\t\t\t\t<\/span>\n\t\t\t\t\t\t\t<span class=\"elementor-grid-item\" role=\"listitem\">\n\t\t\t\t\t<a class=\"elementor-icon elementor-social-icon elementor-social-icon-instagram elementor-repeater-item-e614d95\" href=\"https:\/\/www.instagram.com\/lvtong.cleaning.equipment?igsh=MWpvbW5leWl4azd6cA%3D%3D&#038;utm_source=qr\" target=\"_blank\">\n\t\t\t\t\t\t<span class=\"elementor-screen-only\">Instagram<\/span>\n\t\t\t\t\t\t<i aria-hidden=\"true\" class=\"fab fa-instagram\"><\/i>\t\t\t\t\t<\/a>\n\t\t\t\t<\/span>\n\t\t\t\t\t\t\t<span class=\"elementor-grid-item\" role=\"listitem\">\n\t\t\t\t\t<a class=\"elementor-icon elementor-social-icon elementor-social-icon-youtube elementor-repeater-item-5c02cd3\" href=\"https:\/\/www.youtube.com\/@cleaningmachine-e8q\" target=\"_blank\">\n\t\t\t\t\t\t<span class=\"elementor-screen-only\">Youtube<\/span>\n\t\t\t\t\t\t<i aria-hidden=\"true\" class=\"fab fa-youtube\"><\/i>\t\t\t\t\t<\/a>\n\t\t\t\t<\/span>\n\t\t\t\t\t<\/div>\n\t\t\t\t\t\t<\/div>\n\t\t\t\t<div class=\"elementor-element elementor-element-e5efae0 elementor-widget elementor-widget-google_maps\" data-id=\"e5efae0\" data-element_type=\"widget\" data-e-type=\"widget\" data-widget_type=\"google_maps.default\">\n\t\t\t\t\t\t\t<div class=\"elementor-custom-embed\">\n\t\t\t<iframe loading=\"lazy\"\n\t\t\t\t\tsrc=\"https:\/\/maps.google.com\/maps?q=XJW3%2B24%20Hongmei%2C%20Guangdong%2C%20Dongguan%2C%20Guangdong%20Province%2C%20China&#038;t=m&#038;z=10&#038;output=embed&#038;iwloc=near\"\n\t\t\t\t\ttitle=\"XJW3+24 Hongmei, Guangdong, Dongguan, Guangdong Province, China\"\n\t\t\t\t\taria-label=\"XJW3+24 Hongmei, Guangdong, Dongguan, Guangdong Province, China\"\n\t\t\t><\/iframe>\n\t\t<\/div>\n\t\t\t\t\t\t<\/div>\n\t\t\t\t\t<\/div>\n\t\t\t\t<\/div>\n\t\t<div class=\"elementor-element elementor-element-15f5825 e-flex e-con-boxed e-con e-parent\" data-id=\"15f5825\" data-element_type=\"container\" data-e-type=\"container\">\n\t\t\t\t\t<div class=\"e-con-inner\">\n\t\t\t\t<div class=\"elementor-element elementor-element-4b79ac6 elementor-widget elementor-widget-html\" data-id=\"4b79ac6\" data-element_type=\"widget\" data-e-type=\"widget\" data-widget_type=\"html.default\">\n\t\t\t\t\t<script type=\"application\/ld+json\">\r\n{\r\n  \"@context\": \"https:\/\/schema.org\",\r\n  \"@graph\": [\r\n    {\r\n      \"@type\": \"ContactPage\",\r\n      \"@id\": \"https:\/\/lvtongclean.com\/contact-us\/#contactpage\",\r\n      \"url\": \"https:\/\/lvtongclean.com\/contact-us\/\",\r\n      \"name\": \"Contact Lvtong Clean\",\r\n      \"description\": \"Get in touch with Lvtong Clean for industrial floor cleaning machine solutions, product inquiries, quotations, and technical support.\",\r\n      \"inLanguage\": \"en\",\r\n      \"mainEntity\": {\r\n        \"@type\": \"Organization\",\r\n        \"@id\": \"https:\/\/lvtongclean.com\/#organization\"\r\n      },\r\n      \"potentialAction\": {\r\n        \"@type\": \"ContactAction\",\r\n        \"target\": \"https:\/\/lvtongclean.com\/contact-us\/\",\r\n        \"name\": \"Request a Quote or Contact Us\"\r\n      }\r\n    },\r\n    {\r\n      \"@type\": \"Organization\",\r\n      \"@id\": \"https:\/\/lvtongclean.com\/#organization\",\r\n      \"name\": \"Lvtong Clean\",\r\n      \"url\": \"https:\/\/lvtongclean.com\/\",\r\n      \"logo\": \"https:\/\/lvtongclean.com\/wp-content\/uploads\/logo.png\",\r\n      \"description\": \"Industrial cleaning machine manufacturer providing floor scrubbers and sweepers for factories, logistics, healthcare, airports, and commercial environments worldwide.\",\r\n      \"contactPoint\": [\r\n        {\r\n          \"@type\": \"ContactPoint\",\r\n          \"contactType\": \"sales\",\r\n          \"areaServed\": \"Global\",\r\n          \"availableLanguage\": [\"English\"],\r\n          \"url\": \"https:\/\/lvtongclean.com\/contact-us\/\",\r\n          \"description\": \"Contact for product inquiries, quotations, and customized cleaning solutions.\"\r\n        },\r\n        {\r\n          \"@type\": \"ContactPoint\",\r\n          \"contactType\": \"customer support\",\r\n          \"areaServed\": \"Global\",\r\n          \"availableLanguage\": [\"English\"],\r\n          \"url\": \"https:\/\/lvtongclean.com\/contact-us\/\",\r\n          \"description\": \"Technical support and after-sales service for cleaning equipment.\"\r\n        }\r\n      ]\r\n    },\r\n    {\r\n      \"@type\": \"WebPage\",\r\n      \"@id\": \"https:\/\/lvtongclean.com\/contact-us\/#webpage\",\r\n      \"url\": \"https:\/\/lvtongclean.com\/contact-us\/\",\r\n      \"name\": \"Contact Us - Lvtong Clean\",\r\n      \"description\": \"Contact Lvtong Clean for industrial cleaning equipment solutions and get a quick quote for your project.\",\r\n      \"inLanguage\": \"en\",\r\n      \"isPartOf\": {\r\n        \"@type\": \"WebSite\",\r\n        \"@id\": \"https:\/\/lvtongclean.com\/#website\"\r\n      }\r\n    }\r\n  ]\r\n}\r\n<\/script>\t\t\t\t<\/div>\n\t\t\t\t\t<\/div>\n\t\t\t\t<\/div>\n\t\t\t\t<\/div>\n\t\t","protected":false},"excerpt":{"rendered":"<p>Vous avez besoin de solutions de nettoyage pour votre entreprise ? Contactez LVTONG d\u00e8s aujourd'hui ! Nos autolaveuses, balayeuses autoport\u00e9es et \u00e9quipements de nettoyage des sols sont con\u00e7us pour tout type d'environnement. <\/p>","protected":false},"author":2,"featured_media":0,"parent":0,"menu_order":0,"comment_status":"closed","ping_status":"closed","template":"","meta":{"_acf_changed":false},"class_list":["post-2743","page","type-page","status-publish","hentry"],"acf":[],"aioseo_notices":[],"_links":{"self":[{"href":"https:\/\/lvtongclean.com\/fr\/wp-json\/wp\/v2\/pages\/2743","targetHints":{"allow":["GET"]}}],"collection":[{"href":"https:\/\/lvtongclean.com\/fr\/wp-json\/wp\/v2\/pages"}],"about":[{"href":"https:\/\/lvtongclean.com\/fr\/wp-json\/wp\/v2\/types\/page"}],"author":[{"embeddable":true,"href":"https:\/\/lvtongclean.com\/fr\/wp-json\/wp\/v2\/users\/2"}],"replies":[{"embeddable":true,"href":"https:\/\/lvtongclean.com\/fr\/wp-json\/wp\/v2\/comments?post=2743"}],"version-history":[{"count":0,"href":"https:\/\/lvtongclean.com\/fr\/wp-json\/wp\/v2\/pages\/2743\/revisions"}],"wp:attachment":[{"href":"https:\/\/lvtongclean.com\/fr\/wp-json\/wp\/v2\/media?parent=2743"}],"curies":[{"name":"wp","href":"https:\/\/api.w.org\/{rel}","templated":true}]}}